{"id":183,"date":"2025-12-12T19:40:54","date_gmt":"2025-12-12T18:40:54","guid":{"rendered":"https:\/\/cornflowerblue-goose-507357.hostingersite.com\/?page_id=183"},"modified":"2026-03-02T18:21:29","modified_gmt":"2026-03-02T23:21:29","slug":"contacto","status":"publish","type":"page","link":"https:\/\/twpublish.com\/en\/contacto\/","title":{"rendered":"Contact"},"content":{"rendered":"<style>.elementor-183 .elementor-element.elementor-element-c2822d5{transition:background 0.3s, border 0.3s, border-radius 0.3s, box-shadow 0.3s;padding:0% 2% 0% 2%;}.elementor-183 .elementor-element.elementor-element-c2822d5 > .elementor-background-overlay{transition:background 0.3s, border-radius 0.3s, opacity 0.3s;}.elementor-183 .elementor-element.elementor-element-32a2978:not(.elementor-motion-effects-element-type-background) > .elementor-widget-wrap, .elementor-183 .elementor-element.elementor-element-32a2978 > .elementor-widget-wrap > .elementor-motion-effects-container > .elementor-motion-effects-layer{background-color:#FBF2D9;background-image:url(\"https:\/\/twpublish.com\/wp-content\/uploads\/2025\/12\/ornament-7.png\");background-position:-2% 0%;background-repeat:no-repeat;background-size:157px auto;}.elementor-183 .elementor-element.elementor-element-32a2978 > .elementor-element-populated >  .elementor-background-overlay{background-image:url(\"https:\/\/twpublish.com\/wp-content\/uploads\/2025\/12\/ornament-book-section-3.png\");background-position:100% -100%;background-repeat:no-repeat;background-size:158px auto;opacity:1;}.elementor-183 .elementor-element.elementor-element-32a2978 > .elementor-element-populated{transition:background 0.3s, border 0.3s, border-radius 0.3s, box-shadow 0.3s;margin:0% 0% 0% 0%;--e-column-margin-right:0%;--e-column-margin-left:0%;padding:050px 0px 050px 0px;}.elementor-183 .elementor-element.elementor-element-32a2978 > .elementor-element-populated > .elementor-background-overlay{transition:background 0.3s, border-radius 0.3s, opacity 0.3s;}.elementor-183 .elementor-element.elementor-element-d466384 > .elementor-container{max-width:1200px;}.elementor-183 .elementor-element.elementor-element-66bdef0 > .elementor-element-populated{padding:0px 0px 0px 0px;}.elementor-183 .elementor-element.elementor-element-55e8f5c .elementor-icon-list-items:not(.elementor-inline-items) .elementor-icon-list-item:not(:last-child){padding-block-end:calc(10px\/2);}.elementor-183 .elementor-element.elementor-element-55e8f5c .elementor-icon-list-items:not(.elementor-inline-items) .elementor-icon-list-item:not(:first-child){margin-block-start:calc(10px\/2);}.elementor-183 .elementor-element.elementor-element-55e8f5c .elementor-icon-list-items.elementor-inline-items .elementor-icon-list-item{margin-inline:calc(10px\/2);}.elementor-183 .elementor-element.elementor-element-55e8f5c .elementor-icon-list-items.elementor-inline-items{margin-inline:calc(-10px\/2);}.elementor-183 .elementor-element.elementor-element-55e8f5c .elementor-icon-list-items.elementor-inline-items .elementor-icon-list-item:after{inset-inline-end:calc(-10px\/2);}.elementor-183 .elementor-element.elementor-element-55e8f5c .elementor-icon-list-icon i{color:var( --e-global-color-secondary );transition:color 0.3s;}.elementor-183 .elementor-element.elementor-element-55e8f5c .elementor-icon-list-icon svg{fill:var( --e-global-color-secondary );transition:fill 0.3s;}.elementor-183 .elementor-element.elementor-element-55e8f5c{--e-icon-list-icon-size:19px;--e-icon-list-icon-align:center;--e-icon-list-icon-margin:0 calc(var(--e-icon-list-icon-size, 1em) * 0.125);--icon-vertical-align:center;--icon-vertical-offset:1px;}.elementor-183 .elementor-element.elementor-element-55e8f5c .elementor-icon-list-icon{padding-inline-end:8px;}.elementor-183 .elementor-element.elementor-element-55e8f5c .elementor-icon-list-item > .elementor-icon-list-text, .elementor-183 .elementor-element.elementor-element-55e8f5c .elementor-icon-list-item > a{font-family:\"Montserrat\", Sans-serif;font-size:15px;font-weight:400;font-style:italic;}.elementor-183 .elementor-element.elementor-element-55e8f5c .elementor-icon-list-text{color:var( --e-global-color-secondary );transition:color 0.3s;}.elementor-183 .elementor-element.elementor-element-cb4b49f{text-align:center;}.elementor-183 .elementor-element.elementor-element-cb4b49f .elementor-heading-title{font-family:\"Cinzel\", Sans-serif;font-size:52px;font-weight:500;line-height:1.2em;color:var( --e-global-color-primary );}.elementor-183 .elementor-element.elementor-element-3447b4e5 > .elementor-container{max-width:1000px;}.elementor-183 .elementor-element.elementor-element-3447b4e5{overflow:hidden;padding:100px 0px 100px 0px;}.elementor-183 .elementor-element.elementor-element-7c2aeff2 .jeg-elementor-kit.jkit-heading{text-align:left;}.elementor-183 .elementor-element.elementor-element-7c2aeff2 .jeg-elementor-kit.jkit-heading .heading-title{-webkit-box-decoration-break:clone;box-decoration-break:clone;display:inline;font-family:var( --e-global-typography-cf25776-font-family ), Sans-serif;font-size:var( --e-global-typography-cf25776-font-size );font-weight:var( --e-global-typography-cf25776-font-weight );line-height:var( --e-global-typography-cf25776-line-height );letter-spacing:var( --e-global-typography-cf25776-letter-spacing );word-spacing:var( --e-global-typography-cf25776-word-spacing );color:var( --e-global-color-primary );}.elementor-183 .elementor-element.elementor-element-7c2aeff2 .jeg-elementor-kit.jkit-heading .heading-section-title{margin:10px 0px 0px 0px;}.elementor-183 .elementor-element.elementor-element-7c2aeff2 .jeg-elementor-kit.jkit-heading .heading-section-title .heading-title{padding:0px 0px 0px 0px;}.elementor-183 .elementor-element.elementor-element-7c2aeff2 .jeg-elementor-kit.jkit-heading .heading-section-subtitle{color:var( --e-global-color-secondary );font-family:var( --e-global-typography-6eb083b-font-family ), Sans-serif;font-size:var( --e-global-typography-6eb083b-font-size );font-weight:var( --e-global-typography-6eb083b-font-weight );font-style:var( --e-global-typography-6eb083b-font-style );line-height:var( --e-global-typography-6eb083b-line-height );letter-spacing:var( --e-global-typography-6eb083b-letter-spacing );word-spacing:var( --e-global-typography-6eb083b-word-spacing );margin:0px 0px 0px 0px;}.elementor-183 .elementor-element.elementor-element-21044306{text-align:start;font-family:var( --e-global-typography-text-font-family ), Sans-serif;font-size:var( --e-global-typography-text-font-size );font-weight:var( --e-global-typography-text-font-weight );line-height:var( --e-global-typography-text-line-height );color:var( --e-global-color-text );}.elementor-183 .elementor-element.elementor-element-3464836{--display:flex;}.elementor-183 .elementor-element.elementor-element-d066565 .elementor-field-group{padding-right:calc( 10px\/2 );padding-left:calc( 10px\/2 );margin-bottom:10px;}.elementor-183 .elementor-element.elementor-element-d066565 .elementor-form-fields-wrapper{margin-left:calc( -10px\/2 );margin-right:calc( -10px\/2 );margin-bottom:-10px;}.elementor-183 .elementor-element.elementor-element-d066565 .elementor-field-group.recaptcha_v3-bottomleft, .elementor-183 .elementor-element.elementor-element-d066565 .elementor-field-group.recaptcha_v3-bottomright{margin-bottom:0;}body.rtl .elementor-183 .elementor-element.elementor-element-d066565 .elementor-labels-inline .elementor-field-group > label{padding-left:0px;}body:not(.rtl) .elementor-183 .elementor-element.elementor-element-d066565 .elementor-labels-inline .elementor-field-group > label{padding-right:0px;}body .elementor-183 .elementor-element.elementor-element-d066565 .elementor-labels-above .elementor-field-group > label{padding-bottom:0px;}.elementor-183 .elementor-element.elementor-element-d066565 .elementor-field-type-html{padding-bottom:0px;}.elementor-183 .elementor-element.elementor-element-d066565 .elementor-field-group .elementor-field:not(.elementor-select-wrapper){background-color:#ffffff;}.elementor-183 .elementor-element.elementor-element-d066565 .elementor-field-group .elementor-select-wrapper select{background-color:#ffffff;}.elementor-183 .elementor-element.elementor-element-d066565 .e-form__buttons__wrapper__button-next{color:#ffffff;}.elementor-183 .elementor-element.elementor-element-d066565 .elementor-button[type=\"submit\"]{color:#ffffff;}.elementor-183 .elementor-element.elementor-element-d066565 .elementor-button[type=\"submit\"] svg *{fill:#ffffff;}.elementor-183 .elementor-element.elementor-element-d066565 .e-form__buttons__wrapper__button-previous{color:#ffffff;}.elementor-183 .elementor-element.elementor-element-d066565 .e-form__buttons__wrapper__button-next:hover{color:#ffffff;}.elementor-183 .elementor-element.elementor-element-d066565 .elementor-button[type=\"submit\"]:hover{color:#ffffff;}.elementor-183 .elementor-element.elementor-element-d066565 .elementor-button[type=\"submit\"]:hover svg *{fill:#ffffff;}.elementor-183 .elementor-element.elementor-element-d066565 .e-form__buttons__wrapper__button-previous:hover{color:#ffffff;}.elementor-183 .elementor-element.elementor-element-d066565{--e-form-steps-indicators-spacing:20px;--e-form-steps-indicator-padding:30px;--e-form-steps-indicator-inactive-secondary-color:#ffffff;--e-form-steps-indicator-active-secondary-color:#ffffff;--e-form-steps-indicator-completed-secondary-color:#ffffff;--e-form-steps-divider-width:1px;--e-form-steps-divider-gap:10px;}:root{--page-title-display:none;}@media(max-width:1024px){.elementor-183 .elementor-element.elementor-element-c2822d5{padding:0px 10px 0px 10px;}.elementor-183 .elementor-element.elementor-element-32a2978:not(.elementor-motion-effects-element-type-background) > .elementor-widget-wrap, .elementor-183 .elementor-element.elementor-element-32a2978 > .elementor-widget-wrap > .elementor-motion-effects-container > .elementor-motion-effects-layer{background-position:0% 0%;background-size:90px auto;}.elementor-183 .elementor-element.elementor-element-32a2978 > .elementor-element-populated >  .elementor-background-overlay{background-position:100% -100%;background-size:134px auto;}.elementor-183 .elementor-element.elementor-element-32a2978 > .elementor-element-populated{padding:80px 25px 80px 25px;}.elementor-183 .elementor-element.elementor-element-66bdef0 > .elementor-element-populated{padding:0px 0px 0px 0px;}.elementor-183 .elementor-element.elementor-element-cb4b49f .elementor-heading-title{font-size:48px;}.elementor-183 .elementor-element.elementor-element-3447b4e5{padding:80px 35px 40px 35px;}.elementor-183 .elementor-element.elementor-element-7c2aeff2 .jeg-elementor-kit.jkit-heading .heading-title{font-size:var( --e-global-typography-cf25776-font-size );line-height:var( --e-global-typography-cf25776-line-height );letter-spacing:var( --e-global-typography-cf25776-letter-spacing );word-spacing:var( --e-global-typography-cf25776-word-spacing );}.elementor-183 .elementor-element.elementor-element-7c2aeff2 .jeg-elementor-kit.jkit-heading .heading-section-subtitle{font-size:var( --e-global-typography-6eb083b-font-size );line-height:var( --e-global-typography-6eb083b-line-height );letter-spacing:var( --e-global-typography-6eb083b-letter-spacing );word-spacing:var( --e-global-typography-6eb083b-word-spacing );}.elementor-183 .elementor-element.elementor-element-21044306{font-size:var( --e-global-typography-text-font-size );line-height:var( --e-global-typography-text-line-height );}}@media(max-width:767px){.elementor-183 .elementor-element.elementor-element-c2822d5{padding:0px 0px 0px 0px;}.elementor-183 .elementor-element.elementor-element-32a2978:not(.elementor-motion-effects-element-type-background) > .elementor-widget-wrap, .elementor-183 .elementor-element.elementor-element-32a2978 > .elementor-widget-wrap > .elementor-motion-effects-container > .elementor-motion-effects-layer{background-position:0% 0%;background-size:48px auto;}.elementor-183 .elementor-element.elementor-element-32a2978 > .elementor-element-populated >  .elementor-background-overlay{background-position:100% 100%;background-size:62px auto;}.elementor-183 .elementor-element.elementor-element-32a2978 > .elementor-element-populated{padding:80px 15px 80px 15px;}.elementor-183 .elementor-element.elementor-element-cb4b49f .elementor-heading-title{font-size:42px;}.elementor-183 .elementor-element.elementor-element-3447b4e5{padding:80px 15px 40px 15px;}.elementor-183 .elementor-element.elementor-element-364fdac3 > .elementor-element-populated{padding:0px 10px 0px 10px;}.elementor-183 .elementor-element.elementor-element-7c2aeff2 .jeg-elementor-kit.jkit-heading .heading-title{font-size:var( --e-global-typography-cf25776-font-size );line-height:var( --e-global-typography-cf25776-line-height );letter-spacing:var( --e-global-typography-cf25776-letter-spacing );word-spacing:var( --e-global-typography-cf25776-word-spacing );}.elementor-183 .elementor-element.elementor-element-7c2aeff2 .jeg-elementor-kit.jkit-heading .heading-section-subtitle{font-size:var( --e-global-typography-6eb083b-font-size );line-height:var( --e-global-typography-6eb083b-line-height );letter-spacing:var( --e-global-typography-6eb083b-letter-spacing );word-spacing:var( --e-global-typography-6eb083b-word-spacing );}.elementor-183 .elementor-element.elementor-element-21044306{font-size:var( --e-global-typography-text-font-size );line-height:var( --e-global-typography-text-line-height );}}@media(min-width:768px){.elementor-183 .elementor-element.elementor-element-32a2978{width:100%;}.elementor-183 .elementor-element.elementor-element-3464836{--content-width:735px;}}@media(max-width:1024px) and (min-width:768px){.elementor-183 .elementor-element.elementor-element-66bdef0{width:100%;}}\/* Start Custom Fonts CSS *\/@font-face {\n\tfont-family: 'Cinzel';\n\tfont-style: normal;\n\tfont-weight: normal;\n\tfont-display: auto;\n\tsrc: url('https:\/\/twpublish.com\/wp-content\/uploads\/2025\/12\/Cinzel-Medium.woff2') format('woff2');\n}\n\/* End Custom Fonts CSS *\/<\/style>\t\t<div data-elementor-type=\"wp-page\" data-elementor-id=\"183\" class=\"elementor elementor-183\" data-elementor-post-type=\"page\">\n\t\t\t\t\t\t<section class=\"elementor-section elementor-top-section elementor-element elementor-element-c2822d5 elementor-section-full_width elementor-section-height-default elementor-section-height-default\" data-id=\"c2822d5\" data-element_type=\"section\" data-e-type=\"section\" data-settings=\"{&quot;background_background&quot;:&quot;classic&quot;}\">\n\t\t\t\t\t\t<div class=\"elementor-container elementor-column-gap-no\">\n\t\t\t\t\t<div class=\"elementor-column elementor-col-100 elementor-top-column elementor-element elementor-element-32a2978\" data-id=\"32a2978\" data-element_type=\"column\" data-e-type=\"column\" data-settings=\"{&quot;background_background&quot;:&quot;classic&quot;}\">\n\t\t\t<div class=\"elementor-widget-wrap elementor-element-populated\">\n\t\t\t\t\t<div class=\"elementor-background-overlay\"><\/div>\n\t\t\t\t\t\t<section class=\"elementor-section elementor-inner-section elementor-element elementor-element-d466384 elementor-section-boxed elementor-section-height-default elementor-section-height-default\" data-id=\"d466384\" data-element_type=\"section\" data-e-type=\"section\">\n\t\t\t\t\t\t<div class=\"elementor-container elementor-column-gap-no\">\n\t\t\t\t\t<div class=\"elementor-column elementor-col-100 elementor-inner-column elementor-element elementor-element-66bdef0\" data-id=\"66bdef0\" data-element_type=\"column\" data-e-type=\"column\">\n\t\t\t<div class=\"elementor-widget-wrap elementor-element-populated\">\n\t\t\t\t\t\t<div class=\"elementor-element elementor-element-55e8f5c elementor-icon-list--layout-inline elementor-align-center elementor-list-item-link-full_width elementor-widget elementor-widget-icon-list\" data-id=\"55e8f5c\" data-element_type=\"widget\" data-e-type=\"widget\" data-widget_type=\"icon-list.default\">\n\t\t\t\t\t\t\t<ul class=\"elementor-icon-list-items elementor-inline-items\">\n\t\t\t\t\t\t\t<li class=\"elementor-icon-list-item elementor-inline-item\">\n\t\t\t\t\t\t\t\t\t\t<span class=\"elementor-icon-list-text\">Inicio<\/span>\n\t\t\t\t\t\t\t\t\t<\/li>\n\t\t\t\t\t\t\t\t<li class=\"elementor-icon-list-item elementor-inline-item\">\n\t\t\t\t\t\t\t\t\t\t\t<span class=\"elementor-icon-list-icon\">\n\t\t\t\t\t\t\t<i aria-hidden=\"true\" class=\"jki jki-minus-light\"><\/i>\t\t\t\t\t\t<\/span>\n\t\t\t\t\t\t\t\t\t\t<span class=\"elementor-icon-list-text\">Contacto<\/span>\n\t\t\t\t\t\t\t\t\t<\/li>\n\t\t\t\t\t\t<\/ul>\n\t\t\t\t\t\t<\/div>\n\t\t\t\t<div class=\"elementor-element elementor-element-cb4b49f elementor-widget elementor-widget-heading\" data-id=\"cb4b49f\" data-element_type=\"widget\" data-e-type=\"widget\" data-widget_type=\"heading.default\">\n\t\t\t\t\t<h1 class=\"elementor-heading-title elementor-size-default\">Contacto<\/h1>\t\t\t\t<\/div>\n\t\t\t\t\t<\/div>\n\t\t<\/div>\n\t\t\t\t\t<\/div>\n\t\t<\/section>\n\t\t\t\t\t<\/div>\n\t\t<\/div>\n\t\t\t\t\t<\/div>\n\t\t<\/section>\n\t\t\t\t<section class=\"elementor-section elementor-top-section elementor-element elementor-element-3447b4e5 elementor-section-boxed elementor-section-height-default elementor-section-height-default\" data-id=\"3447b4e5\" data-element_type=\"section\" data-e-type=\"section\">\n\t\t\t\t\t\t<div class=\"elementor-container elementor-column-gap-no\">\n\t\t\t\t\t<div class=\"elementor-column elementor-col-100 elementor-top-column elementor-element elementor-element-364fdac3\" data-id=\"364fdac3\" data-element_type=\"column\" data-e-type=\"column\">\n\t\t\t<div class=\"elementor-widget-wrap elementor-element-populated\">\n\t\t\t\t\t\t<div class=\"elementor-element elementor-element-7c2aeff2 elementor-widget elementor-widget-jkit_heading\" data-id=\"7c2aeff2\" data-element_type=\"widget\" data-e-type=\"widget\" data-widget_type=\"jkit_heading.default\">\n\t\t\t\t\t<div  class=\"jeg-elementor-kit jkit-heading  align-left align-tablet- align-mobile- jeg_module___69e0e724f0919\" ><h3 class=\"heading-section-subtitle  style-color\">Mantente en contacto<\/h3><div class=\"heading-section-title  display-inline-block\"><h2 class=\"heading-title\">\u00bfTienes alguna pregunta? Escr\u00edbenos<\/h2><\/div><\/div>\t\t\t\t<\/div>\n\t\t\t\t<div class=\"elementor-element elementor-element-21044306 elementor-widget elementor-widget-text-editor\" data-id=\"21044306\" data-element_type=\"widget\" data-e-type=\"widget\" data-widget_type=\"text-editor.default\">\n\t\t\t\t\t\t\t\t\t<p>En Truth &amp; Way Publishing estaremos encantados de escucharte.<br data-start=\"481\" data-end=\"484\" \/>Si tienes preguntas sobre nuestros libros, deseas colaborar con nosotros, necesitas informaci\u00f3n para iglesias o grupos peque\u00f1os, o simplemente quieres saber m\u00e1s sobre nuestros recursos, no dudes en ponerte en contacto.<\/p>\t\t\t\t\t\t\t\t<\/div>\n\t\t<div class=\"elementor-element elementor-element-3464836 e-flex e-con-boxed e-con e-parent\" data-id=\"3464836\" data-element_type=\"container\" data-e-type=\"container\">\n\t\t\t\t\t<div class=\"e-con-inner\">\n\t\t\t\t<div class=\"elementor-element elementor-element-d066565 elementor-button-align-stretch elementor-widget elementor-widget-form\" data-id=\"d066565\" data-element_type=\"widget\" data-e-type=\"widget\" data-settings=\"{&quot;step_next_label&quot;:&quot;Siguiente&quot;,&quot;step_previous_label&quot;:&quot;Anterior&quot;,&quot;button_width&quot;:&quot;100&quot;,&quot;step_type&quot;:&quot;number_text&quot;,&quot;step_icon_shape&quot;:&quot;circle&quot;}\" data-widget_type=\"form.default\">\n\t\t\t\t\t\t\t<form class=\"elementor-form\" method=\"post\" name=\"New Form\" aria-label=\"New Form\">\n\t\t\t<input type=\"hidden\" name=\"post_id\" value=\"183\"\/>\n\t\t\t<input type=\"hidden\" name=\"form_id\" value=\"d066565\"\/>\n\t\t\t<input type=\"hidden\" name=\"referer_title\" value=\"Contacto \u2013 Truth &amp; Way Publishing\" \/>\n\n\t\t\t\t\t\t\t<input type=\"hidden\" name=\"queried_id\" value=\"183\"\/>\n\t\t\t\n\t\t\t<div class=\"elementor-form-fields-wrapper elementor-labels-above\">\n\t\t\t\t\t\t\t\t<div class=\"elementor-field-type-text elementor-field-group elementor-column elementor-field-group-name elementor-col-50\">\n\t\t\t\t\t\t\t\t\t\t\t\t<label for=\"form-field-name\" class=\"elementor-field-label\">\n\t\t\t\t\t\t\t\tNombre\t\t\t\t\t\t\t<\/label>\n\t\t\t\t\t\t\t\t\t\t\t\t\t\t<input size=\"1\" type=\"text\" name=\"form_fields[name]\" id=\"form-field-name\" class=\"elementor-field elementor-size-sm  elementor-field-textual\" placeholder=\"Nombre\">\n\t\t\t\t\t\t\t\t\t\t\t<\/div>\n\t\t\t\t\t\t\t\t<div class=\"elementor-field-type-email elementor-field-group elementor-column elementor-field-group-email elementor-col-50 elementor-field-required\">\n\t\t\t\t\t\t\t\t\t\t\t\t<label for=\"form-field-email\" class=\"elementor-field-label\">\n\t\t\t\t\t\t\t\tCorreo electr\u00f3nico\t\t\t\t\t\t\t<\/label>\n\t\t\t\t\t\t\t\t\t\t\t\t\t\t<input size=\"1\" type=\"email\" name=\"form_fields[email]\" id=\"form-field-email\" class=\"elementor-field elementor-size-sm  elementor-field-textual\" placeholder=\"Correo electr\u00f3nico\" required=\"required\">\n\t\t\t\t\t\t\t\t\t\t\t<\/div>\n\t\t\t\t\t\t\t\t<div class=\"elementor-field-type-text elementor-field-group elementor-column elementor-field-group-message elementor-col-50\">\n\t\t\t\t\t\t\t\t\t\t\t\t<label for=\"form-field-message\" class=\"elementor-field-label\">\n\t\t\t\t\t\t\t\tAsunto\t\t\t\t\t\t\t<\/label>\n\t\t\t\t\t\t\t\t\t\t\t\t\t\t<input size=\"1\" type=\"text\" name=\"form_fields[message]\" id=\"form-field-message\" class=\"elementor-field elementor-size-sm  elementor-field-textual\" placeholder=\"Asunto\">\n\t\t\t\t\t\t\t\t\t\t\t<\/div>\n\t\t\t\t\t\t\t\t<div class=\"elementor-field-type-textarea elementor-field-group elementor-column elementor-field-group-field_22eebba elementor-col-100\">\n\t\t\t\t\t\t\t\t\t\t\t\t<label for=\"form-field-field_22eebba\" class=\"elementor-field-label\">\n\t\t\t\t\t\t\t\tMensaje\t\t\t\t\t\t\t<\/label>\n\t\t\t\t\t\t<textarea class=\"elementor-field-textual elementor-field  elementor-size-sm\" name=\"form_fields[field_22eebba]\" id=\"form-field-field_22eebba\" rows=\"4\" placeholder=\"Mensaje\"><\/textarea>\t\t\t\t<\/div>\n\t\t\t\t\t\t\t\t<div class=\"elementor-field-type-acceptance elementor-field-group elementor-column elementor-field-group-field_26a0f53 elementor-col-100 elementor-field-required\">\n\t\t\t\t\t\t\t<div class=\"elementor-field-subgroup\">\n\t\t\t<span class=\"elementor-field-option\">\n\t\t\t\t<input type=\"checkbox\" name=\"form_fields[field_26a0f53]\" id=\"form-field-field_26a0f53\" class=\"elementor-field elementor-size-sm  elementor-acceptance-field\" required=\"required\">\n\t\t\t\t<label for=\"form-field-field_26a0f53\">He le\u00eddo y acepto los T\u00e9rminos y Condiciones y la Pol\u00edtica de Privacidad, y autorizo el tratamiento de mis datos.<\/label>\t\t\t<\/span>\n\t\t<\/div>\n\t\t\t\t\t\t<\/div>\n\t\t\t\t\t\t\t\t<div class=\"elementor-field-group elementor-column elementor-field-type-submit elementor-col-100 e-form__buttons\">\n\t\t\t\t\t<button class=\"elementor-button elementor-size-sm\" type=\"submit\">\n\t\t\t\t\t\t<span class=\"elementor-button-content-wrapper\">\n\t\t\t\t\t\t\t\t\t\t\t\t\t\t\t\t\t\t\t\t\t\t<span class=\"elementor-button-text\">Enviar<\/span>\n\t\t\t\t\t\t\t\t\t\t\t\t\t<\/span>\n\t\t\t\t\t<\/button>\n\t\t\t\t<\/div>\n\t\t\t<\/div>\n\t\t<\/form>\n\t\t\t\t\t\t<\/div>\n\t\t\t\t\t<\/div>\n\t\t\t\t<\/div>\n\t\t\t\t\t<\/div>\n\t\t<\/div>\n\t\t\t\t\t<\/div>\n\t\t<\/section>\n\t\t\t\t<\/div>\n\t\t","protected":false},"excerpt":{"rendered":"<p>Inicio Contacto Contacto Mantente en contacto \u00bfTienes alguna pregunta? Escr\u00edbenos En Truth &amp; Way Publishing estaremos encantados de escucharte.Si tienes preguntas sobre nuestros libros, deseas colaborar con nosotros, necesitas informaci\u00f3n para iglesias o grupos peque\u00f1os, o simplemente quieres saber m\u00e1s sobre nuestros recursos, no dudes en ponerte en contacto.<\/p>","protected":false},"author":1,"featured_media":0,"parent":0,"menu_order":0,"comment_status":"closed","ping_status":"closed","template":"","meta":{"footnotes":""},"class_list":["post-183","page","type-page","status-publish","hentry"],"_links":{"self":[{"href":"https:\/\/twpublish.com\/en\/wp-json\/wp\/v2\/pages\/183","targetHints":{"allow":["GET"]}}],"collection":[{"href":"https:\/\/twpublish.com\/en\/wp-json\/wp\/v2\/pages"}],"about":[{"href":"https:\/\/twpublish.com\/en\/wp-json\/wp\/v2\/types\/page"}],"author":[{"embeddable":true,"href":"https:\/\/twpublish.com\/en\/wp-json\/wp\/v2\/users\/1"}],"replies":[{"embeddable":true,"href":"https:\/\/twpublish.com\/en\/wp-json\/wp\/v2\/comments?post=183"}],"version-history":[{"count":0,"href":"https:\/\/twpublish.com\/en\/wp-json\/wp\/v2\/pages\/183\/revisions"}],"wp:attachment":[{"href":"https:\/\/twpublish.com\/en\/wp-json\/wp\/v2\/media?parent=183"}],"curies":[{"name":"wp","href":"https:\/\/api.w.org\/{rel}","templated":true}]}}